{"id":510,"date":"2022-10-15T19:51:49","date_gmt":"2022-10-15T17:51:49","guid":{"rendered":"https:\/\/adapt-ortho.fr\/?page_id=510"},"modified":"2024-06-22T19:23:43","modified_gmt":"2024-06-22T17:23:43","slug":"faq","status":"publish","type":"page","link":"https:\/\/adapt-ortho.fr\/?page_id=510","title":{"rendered":"La foire aux questions &#8211; Adapt-Ortho"},"content":{"rendered":"\t\t<div data-elementor-type=\"wp-page\" data-elementor-id=\"510\" class=\"elementor elementor-510\">\n\t\t\t\t\t\t<section class=\"elementor-section elementor-top-section elementor-element elementor-element-b98c2a3 elementor-section-boxed elementor-section-height-default elementor-section-height-default\" data-id=\"b98c2a3\" data-element_type=\"section\">\n\t\t\t\t\t\t<div class=\"elementor-container elementor-column-gap-default\">\n\t\t\t\t\t<div class=\"elementor-column elementor-col-100 elementor-top-column elementor-element elementor-element-245205a3\" data-id=\"245205a3\" data-element_type=\"column\" data-settings=\"{&quot;background_background&quot;:&quot;classic&quot;}\">\n\t\t\t<div class=\"elementor-widget-wrap elementor-element-populated\">\n\t\t\t\t\t\t<section class=\"elementor-section elementor-inner-section elementor-element elementor-element-32974cab elementor-section-boxed elementor-section-height-default elementor-section-height-default\" data-id=\"32974cab\" data-element_type=\"section\">\n\t\t\t\t\t\t<div class=\"elementor-container elementor-column-gap-default\">\n\t\t\t\t\t<div class=\"elementor-column elementor-col-50 elementor-inner-column elementor-element elementor-element-7a781973\" data-id=\"7a781973\" data-element_type=\"column\">\n\t\t\t<div class=\"elementor-widget-wrap elementor-element-populated\">\n\t\t\t\t\t\t<div class=\"elementor-element elementor-element-03eabee elementor-widget elementor-widget-image\" data-id=\"03eabee\" data-element_type=\"widget\" data-widget_type=\"image.default\">\n\t\t\t\t<div class=\"elementor-widget-container\">\n\t\t\t<style>\/*! elementor - v3.22.0 - 17-06-2024 *\/\n.elementor-widget-image{text-align:center}.elementor-widget-image a{display:inline-block}.elementor-widget-image a img[src$=\".svg\"]{width:48px}.elementor-widget-image img{vertical-align:middle;display:inline-block}<\/style>\t\t\t\t\t\t\t\t\t\t<img decoding=\"async\" src=\"https:\/\/adapt-ortho.fr\/wp-content\/uploads\/elementor\/thumbs\/Adapt-Ortho-02-qg7uq85agfgn07g4jku1k7cx6qgciw8jwkoij3hhr4.jpg\" title=\"Adapt-Ortho (02)\" alt=\"Adapt-Ortho (02)\" loading=\"lazy\" \/>\t\t\t\t\t\t\t\t\t\t\t\t\t<\/div>\n\t\t\t\t<\/div>\n\t\t\t\t\t<\/div>\n\t\t<\/div>\n\t\t\t\t<div class=\"elementor-column elementor-col-50 elementor-inner-column elementor-element elementor-element-29a0bd31\" data-id=\"29a0bd31\" data-element_type=\"column\">\n\t\t\t<div class=\"elementor-widget-wrap elementor-element-populated\">\n\t\t\t\t\t\t<div class=\"elementor-element elementor-element-5722f085 elementor-widget elementor-widget-heading\" data-id=\"5722f085\" data-element_type=\"widget\" data-widget_type=\"heading.default\">\n\t\t\t\t<div class=\"elementor-widget-container\">\n\t\t\t<style>\/*! elementor - v3.22.0 - 17-06-2024 *\/\n.elementor-heading-title{padding:0;margin:0;line-height:1}.elementor-widget-heading .elementor-heading-title[class*=elementor-size-]>a{color:inherit;font-size:inherit;line-height:inherit}.elementor-widget-heading .elementor-heading-title.elementor-size-small{font-size:15px}.elementor-widget-heading .elementor-heading-title.elementor-size-medium{font-size:19px}.elementor-widget-heading .elementor-heading-title.elementor-size-large{font-size:29px}.elementor-widget-heading .elementor-heading-title.elementor-size-xl{font-size:39px}.elementor-widget-heading .elementor-heading-title.elementor-size-xxl{font-size:59px}<\/style><h1 class=\"elementor-heading-title elementor-size-xxl\"><br><br>ADAPT-ORTHO<\/h1>\t\t<\/div>\n\t\t\t\t<\/div>\n\t\t\t\t\t<\/div>\n\t\t<\/div>\n\t\t\t\t\t<\/div>\n\t\t<\/section>\n\t\t\t\t\t<\/div>\n\t\t<\/div>\n\t\t\t\t\t<\/div>\n\t\t<\/section>\n\t\t\t\t<section class=\"elementor-section elementor-top-section elementor-element elementor-element-62ff831d elementor-section-boxed elementor-section-height-default elementor-section-height-default\" data-id=\"62ff831d\" data-element_type=\"section\">\n\t\t\t\t\t\t<div class=\"elementor-container elementor-column-gap-default\">\n\t\t\t\t\t<div class=\"elementor-column elementor-col-100 elementor-top-column elementor-element elementor-element-2bf8406a\" data-id=\"2bf8406a\" data-element_type=\"column\" data-settings=\"{&quot;background_background&quot;:&quot;classic&quot;}\">\n\t\t\t<div class=\"elementor-widget-wrap elementor-element-populated\">\n\t\t\t\t\t\t<div class=\"elementor-element elementor-element-357191c3 elementor-widget-divider--view-line elementor-widget elementor-widget-divider\" data-id=\"357191c3\" data-element_type=\"widget\" data-widget_type=\"divider.default\">\n\t\t\t\t<div class=\"elementor-widget-container\">\n\t\t\t<style>\/*! elementor - v3.22.0 - 17-06-2024 *\/\n.elementor-widget-divider{--divider-border-style:none;--divider-border-width:1px;--divider-color:#0c0d0e;--divider-icon-size:20px;--divider-element-spacing:10px;--divider-pattern-height:24px;--divider-pattern-size:20px;--divider-pattern-url:none;--divider-pattern-repeat:repeat-x}.elementor-widget-divider .elementor-divider{display:flex}.elementor-widget-divider .elementor-divider__text{font-size:15px;line-height:1;max-width:95%}.elementor-widget-divider .elementor-divider__element{margin:0 var(--divider-element-spacing);flex-shrink:0}.elementor-widget-divider .elementor-icon{font-size:var(--divider-icon-size)}.elementor-widget-divider .elementor-divider-separator{display:flex;margin:0;direction:ltr}.elementor-widget-divider--view-line_icon .elementor-divider-separator,.elementor-widget-divider--view-line_text .elementor-divider-separator{align-items:center}.elementor-widget-divider--view-line_icon .elementor-divider-separator:after,.elementor-widget-divider--view-line_icon .elementor-divider-separator:before,.elementor-widget-divider--view-line_text .elementor-divider-separator:after,.elementor-widget-divider--view-line_text .elementor-divider-separator:before{display:block;content:\"\";border-block-end:0;flex-grow:1;border-block-start:var(--divider-border-width) var(--divider-border-style) var(--divider-color)}.elementor-widget-divider--element-align-left .elementor-divider .elementor-divider-separator>.elementor-divider__svg:first-of-type{flex-grow:0;flex-shrink:100}.elementor-widget-divider--element-align-left .elementor-divider-separator:before{content:none}.elementor-widget-divider--element-align-left .elementor-divider__element{margin-left:0}.elementor-widget-divider--element-align-right .elementor-divider .elementor-divider-separator>.elementor-divider__svg:last-of-type{flex-grow:0;flex-shrink:100}.elementor-widget-divider--element-align-right .elementor-divider-separator:after{content:none}.elementor-widget-divider--element-align-right .elementor-divider__element{margin-right:0}.elementor-widget-divider--element-align-start .elementor-divider .elementor-divider-separator>.elementor-divider__svg:first-of-type{flex-grow:0;flex-shrink:100}.elementor-widget-divider--element-align-start .elementor-divider-separator:before{content:none}.elementor-widget-divider--element-align-start .elementor-divider__element{margin-inline-start:0}.elementor-widget-divider--element-align-end .elementor-divider .elementor-divider-separator>.elementor-divider__svg:last-of-type{flex-grow:0;flex-shrink:100}.elementor-widget-divider--element-align-end .elementor-divider-separator:after{content:none}.elementor-widget-divider--element-align-end .elementor-divider__element{margin-inline-end:0}.elementor-widget-divider:not(.elementor-widget-divider--view-line_text):not(.elementor-widget-divider--view-line_icon) .elementor-divider-separator{border-block-start:var(--divider-border-width) var(--divider-border-style) var(--divider-color)}.elementor-widget-divider--separator-type-pattern{--divider-border-style:none}.elementor-widget-divider--separator-type-pattern.elementor-widget-divider--view-line .elementor-divider-separator,.elementor-widget-divider--separator-type-pattern:not(.elementor-widget-divider--view-line) .elementor-divider-separator:after,.elementor-widget-divider--separator-type-pattern:not(.elementor-widget-divider--view-line) .elementor-divider-separator:before,.elementor-widget-divider--separator-type-pattern:not([class*=elementor-widget-divider--view]) .elementor-divider-separator{width:100%;min-height:var(--divider-pattern-height);-webkit-mask-size:var(--divider-pattern-size) 100%;mask-size:var(--divider-pattern-size) 100%;-webkit-mask-repeat:var(--divider-pattern-repeat);mask-repeat:var(--divider-pattern-repeat);background-color:var(--divider-color);-webkit-mask-image:var(--divider-pattern-url);mask-image:var(--divider-pattern-url)}.elementor-widget-divider--no-spacing{--divider-pattern-size:auto}.elementor-widget-divider--bg-round{--divider-pattern-repeat:round}.rtl .elementor-widget-divider .elementor-divider__text{direction:rtl}.e-con-inner>.elementor-widget-divider,.e-con>.elementor-widget-divider{width:var(--container-widget-width,100%);--flex-grow:var(--container-widget-flex-grow)}<\/style>\t\t<div class=\"elementor-divider\">\n\t\t\t<span class=\"elementor-divider-separator\">\n\t\t\t\t\t\t<\/span>\n\t\t<\/div>\n\t\t\t\t<\/div>\n\t\t\t\t<\/div>\n\t\t\t\t\t<\/div>\n\t\t<\/div>\n\t\t\t\t\t<\/div>\n\t\t<\/section>\n\t\t\t\t<section class=\"elementor-section elementor-top-section elementor-element elementor-element-d933007 elementor-section-content-middle elementor-section-boxed elementor-section-height-default elementor-section-height-default\" data-id=\"d933007\" data-element_type=\"section\">\n\t\t\t\t\t\t<div class=\"elementor-container elementor-column-gap-default\">\n\t\t\t\t\t<div class=\"elementor-column elementor-col-100 elementor-top-column elementor-element elementor-element-3da5aa69\" data-id=\"3da5aa69\" data-element_type=\"column\" data-settings=\"{&quot;background_background&quot;:&quot;classic&quot;}\">\n\t\t\t<div class=\"elementor-widget-wrap elementor-element-populated\">\n\t\t\t\t\t\t<div class=\"elementor-element elementor-element-19254bc8 elementor-widget elementor-widget-text-editor\" data-id=\"19254bc8\" data-element_type=\"widget\" data-widget_type=\"text-editor.default\">\n\t\t\t\t<div class=\"elementor-widget-container\">\n\t\t\t<style>\/*! elementor - v3.22.0 - 17-06-2024 *\/\n.elementor-widget-text-editor.elementor-drop-cap-view-stacked .elementor-drop-cap{background-color:#69727d;color:#fff}.elementor-widget-text-editor.elementor-drop-cap-view-framed .elementor-drop-cap{color:#69727d;border:3px solid;background-color:transparent}.elementor-widget-text-editor:not(.elementor-drop-cap-view-default) .elementor-drop-cap{margin-top:8px}.elementor-widget-text-editor:not(.elementor-drop-cap-view-default) .elementor-drop-cap-letter{width:1em;height:1em}.elementor-widget-text-editor .elementor-drop-cap{float:left;text-align:center;line-height:1;font-size:50px}.elementor-widget-text-editor .elementor-drop-cap-letter{display:inline-block}<\/style>\t\t\t\t<h2><span style=\"color: #993366;\"><a style=\"color: #993366;\" href=\"https:\/\/adapt-ortho.fr\/\">ACCUEIL<\/a><\/span><\/h2><h2><span style=\"color: #993366;\"><a style=\"color: #993366;\" href=\"https:\/\/adapt-ortho.fr\/?page_id=424\">L&rsquo;EQUIPE<\/a><\/span><\/h2><h2><a href=\"https:\/\/adapt-ortho.fr\/?page_id=759\"><span style=\"color: #993366;\">APPAREILS<\/span><\/a><\/h2><h2><span style=\"color: #993366;\"><a style=\"color: #993366;\" href=\"https:\/\/adapt-ortho.fr\/?page_id=461\">CONTACT<\/a><\/span><\/h2><h2><span style=\"color: #993366;\"><a style=\"color: #993366;\" href=\"https:\/\/adapt-ortho.fr\/?page_id=510\">FAQ<\/a><\/span><\/h2>\t\t\t\t\t\t<\/div>\n\t\t\t\t<\/div>\n\t\t\t\t\t<\/div>\n\t\t<\/div>\n\t\t\t\t\t<\/div>\n\t\t<\/section>\n\t\t\t\t<section class=\"elementor-section elementor-top-section elementor-element elementor-element-572c53f5 elementor-section-boxed elementor-section-height-default elementor-section-height-default\" data-id=\"572c53f5\" data-element_type=\"section\">\n\t\t\t\t\t\t<div class=\"elementor-container elementor-column-gap-default\">\n\t\t\t\t\t<div class=\"elementor-column elementor-col-100 elementor-top-column elementor-element elementor-element-152b3673\" data-id=\"152b3673\" data-element_type=\"column\" data-settings=\"{&quot;background_background&quot;:&quot;classic&quot;}\">\n\t\t\t<div class=\"elementor-widget-wrap elementor-element-populated\">\n\t\t\t\t\t\t<div class=\"elementor-element elementor-element-3f7e05cc elementor-widget-divider--view-line elementor-widget elementor-widget-divider\" data-id=\"3f7e05cc\" data-element_type=\"widget\" data-widget_type=\"divider.default\">\n\t\t\t\t<div class=\"elementor-widget-container\">\n\t\t\t\t\t<div class=\"elementor-divider\">\n\t\t\t<span class=\"elementor-divider-separator\">\n\t\t\t\t\t\t<\/span>\n\t\t<\/div>\n\t\t\t\t<\/div>\n\t\t\t\t<\/div>\n\t\t\t\t\t<\/div>\n\t\t<\/div>\n\t\t\t\t\t<\/div>\n\t\t<\/section>\n\t\t\t\t<section class=\"elementor-section elementor-top-section elementor-element elementor-element-ca1d297 elementor-section-boxed elementor-section-height-default elementor-section-height-default\" data-id=\"ca1d297\" data-element_type=\"section\">\n\t\t\t\t\t\t<div class=\"elementor-container elementor-column-gap-default\">\n\t\t\t\t\t<div class=\"elementor-column elementor-col-100 elementor-top-column elementor-element elementor-element-35ea91e\" data-id=\"35ea91e\" data-element_type=\"column\" data-settings=\"{&quot;background_background&quot;:&quot;classic&quot;}\">\n\t\t\t<div class=\"elementor-widget-wrap elementor-element-populated\">\n\t\t\t\t\t\t<div class=\"elementor-element elementor-element-be120a7 elementor-widget elementor-widget-heading\" data-id=\"be120a7\" data-element_type=\"widget\" data-widget_type=\"heading.default\">\n\t\t\t\t<div class=\"elementor-widget-container\">\n\t\t\t<h2 class=\"elementor-heading-title elementor-size-default\">FAQ - Foire Aux Questions<\/h2>\t\t<\/div>\n\t\t\t\t<\/div>\n\t\t\t\t\t<\/div>\n\t\t<\/div>\n\t\t\t\t\t<\/div>\n\t\t<\/section>\n\t\t\t\t<section class=\"elementor-section elementor-top-section elementor-element elementor-element-e7e40dd elementor-section-boxed elementor-section-height-default elementor-section-height-default\" data-id=\"e7e40dd\" data-element_type=\"section\">\n\t\t\t\t\t\t<div class=\"elementor-container elementor-column-gap-default\">\n\t\t\t\t\t<div class=\"elementor-column elementor-col-100 elementor-top-column elementor-element elementor-element-0cc82aa\" data-id=\"0cc82aa\" data-element_type=\"column\" data-settings=\"{&quot;background_background&quot;:&quot;classic&quot;}\">\n\t\t\t<div class=\"elementor-widget-wrap elementor-element-populated\">\n\t\t\t\t\t\t<div class=\"elementor-element elementor-element-36f96ea elementor-widget elementor-widget-text-editor\" data-id=\"36f96ea\" data-element_type=\"widget\" data-widget_type=\"text-editor.default\">\n\t\t\t\t<div class=\"elementor-widget-container\">\n\t\t\t\t\t\t\t<p><strong>\u00ab\u00a0Mon appareillage me fait des rougeurs. Est-ce normal ?\u00a0\u00bb<\/strong><br \/><em>Un appareil peut effectivement\u00a0 laisser des rougeurs sur la peau du fait des appuis appliqu\u00e9s. N\u00e9anmoins, celles-ci doivent disparaitre apr\u00e8s quelques minutes de repos. Nous consid\u00e9rons commun\u00e9ment qu&rsquo;il faut une vingtaine de minutes pour que les rougeurs disparaissent. Si pass\u00e9 ce temps les rougeurs perdurent, contactez votre orthoproth\u00e9sistes pour faire contr\u00f4ler l&rsquo;appareil<\/em><\/p><p><strong>\u00ab\u00a0Mon appareil me blesse\/me coupe. Dois-je continuer \u00e0 le porter ?\u00a0\u00bb<\/strong><br \/><em>L&rsquo;appareil, quel qu&rsquo;il soit, ne doit pas blesser. Si cela arrive, il faut suspendre le port le temps que des modifications soient apport\u00e9es. La plaie doit \u00eatre trait\u00e9e ou au minimum prot\u00e9g\u00e9e avec un pansement. Dans le cas ou il est impossible de reste sans appareil, il faut alors en remettre un ancien en attendant son rendez-vous chez son orthoproth\u00e9siste.<\/em><\/p><p><strong>\u00ab\u00a0Je n&rsquo;ai pas d&rsquo;ordonnance mais j&rsquo;ai besoin d&rsquo;un appareillage. Pouvez-vous m&rsquo;en faire un ?\u00a0\u00bb<\/strong><br \/><em>Non. Chaque r\u00e9alisation d&rsquo;appareillage doit \u00eatre prescrite par un m\u00e9decin sp\u00e9cialiste, MPR ou dans le cas d&rsquo;un renouvellement, par votre m\u00e9decin traitant.<\/em><\/p><p><strong>\u00ab\u00a0Dois-je entretenir mon appareil ? Et comment ?\u00a0\u00bb<br \/><\/strong><em>C&rsquo;est avant tout une question d&rsquo;hygi\u00e8ne corporelle. Il est bien \u00e9videment recommander de nettoyer r\u00e9guli\u00e8rement son appareil. M\u00eame quotidiennement pour les appareils qui sont directement au contact de la peau (manchon, t-shirt&#8230;)<br \/>Tous les appareils sont lavables \u00e0 l&rsquo;eau claire et au savon. Il est a proscrire les lavages m\u00e9caniques (lave-linge) ou les immersions compl\u00e8tes (jet d&rsquo;eau, trempage, bain&#8230;).<br \/>Pour les appareils pr\u00e9vus pour la nage, il est important de rincer l&rsquo;appareil apr\u00e8s l&rsquo;activit\u00e9. En particulier lors d&rsquo;activit\u00e9s en eau sal\u00e9e.<\/em><\/p><p><strong>\u00ab\u00a0Mon appareil est-il garanti ?\u00a0\u00bb<\/strong><br \/><em>Oui. Chaque appareil poss\u00e8de une garantie de 12 mois \u00e0 partir de la livraison de celui-ci. Au-del\u00e0 de cette p\u00e9riode, une ordonnance pour la prise en charge de la r\u00e9paration est n\u00e9cessaire. Cette ordonnance peut \u00eatre \u00e9tablie par votre m\u00e9decin traitant ou un m\u00e9decin MPR.<\/em><\/p><p><b>\u00ab\u00a0Quand renouveler mon appareil ?\u00a0\u00bb<\/b><em><br \/><\/em>Dans le cadre du renouvellement d&rsquo;une orth\u00e8se, celui-ci peu intervenir tous les 3 ans. Une prescription de renouvellement est indispensable.<br \/>En attendant de renouveler l&rsquo;appareil, une remise en \u00e9tat peut \u00eatre prise en charge tous les 12 mois.<\/p><p>Concernant les proth\u00e8ses, le renouvellement est pr\u00e9vu tous les 5 ans. Mais, les emboitures peuvent \u00eatre changer beaucoup plus r\u00e9guli\u00e8rement. Rapprochez-vous de votre orthoproth\u00e9siste ou de votre m\u00e9decin MPR pour faire le point sur vos besoins de renouvellement.<\/p>\t\t\t\t\t\t<\/div>\n\t\t\t\t<\/div>\n\t\t\t\t\t<\/div>\n\t\t<\/div>\n\t\t\t\t\t<\/div>\n\t\t<\/section>\n\t\t\t\t<\/div>\n\t\t","protected":false},"excerpt":{"rendered":"<p>ADAPT-ORTHO ACCUEIL L&rsquo;EQUIPE APPAREILS CONTACT FAQ FAQ &#8211; Foire Aux Questions \u00ab\u00a0Mon appareillage me fait des rougeurs. Est-ce normal ?\u00a0\u00bbUn appareil peut effectivement\u00a0 laisser des rougeurs sur la peau du fait des appuis appliqu\u00e9s. N\u00e9anmoins, celles-ci doivent disparaitre apr\u00e8s quelques minutes de repos. Nous consid\u00e9rons commun\u00e9ment qu&rsquo;il faut une vingtaine de minutes pour que les [&hellip;]<\/p>\n","protected":false},"author":1,"featured_media":0,"parent":0,"menu_order":0,"comment_status":"closed","ping_status":"closed","template":"","meta":{"om_disable_all_campaigns":false,"_monsterinsights_skip_tracking":false,"_monsterinsights_sitenote_active":false,"_monsterinsights_sitenote_note":"","_monsterinsights_sitenote_category":0,"site-sidebar-layout":"no-sidebar","site-content-layout":"page-builder","ast-site-content-layout":"","site-content-style":"default","site-sidebar-style":"default","ast-global-header-display":"","ast-banner-title-visibility":"","ast-main-header-display":"","ast-hfb-above-header-display":"","ast-hfb-below-header-display":"","ast-hfb-mobile-header-display":"","site-post-title":"disabled","ast-breadcrumbs-content":"","ast-featured-img":"disabled","footer-sml-layout":"","theme-transparent-header-meta":"","adv-header-id-meta":"","stick-header-meta":"","header-above-stick-meta":"","header-main-stick-meta":"","header-below-stick-meta":"","astra-migrate-meta-layouts":"default","ast-page-background-enabled":"default","ast-page-background-meta":{"desktop":{"background-color":"","background-image":"","background-repeat":"repeat","background-position":"center center","background-size":"auto","background-attachment":"scroll","background-type":"","background-media":"","overlay-type":"","overlay-color":"","overlay-opacity":"","overlay-gradient":""},"tablet":{"background-color":"","background-image":"","background-repeat":"repeat","background-position":"center center","background-size":"auto","background-attachment":"scroll","background-type":"","background-media":"","overlay-type":"","overlay-color":"","overlay-opacity":"","overlay-gradient":""},"mobile":{"background-color":"","background-image":"","background-repeat":"repeat","background-position":"center center","background-size":"auto","background-attachment":"scroll","background-type":"","background-media":"","overlay-type":"","overlay-color":"","overlay-opacity":"","overlay-gradient":""}},"ast-content-background-meta":{"desktop":{"background-color":"var(--ast-global-color-5)","background-image":"","background-repeat":"repeat","background-position":"center center","background-size":"auto","background-attachment":"scroll","background-type":"","background-media":"","overlay-type":"","overlay-color":"","overlay-opacity":"","overlay-gradient":""},"tablet":{"background-color":"var(--ast-global-color-5)","background-image":"","background-repeat":"repeat","background-position":"center center","background-size":"auto","background-attachment":"scroll","background-type":"","background-media":"","overlay-type":"","overlay-color":"","overlay-opacity":"","overlay-gradient":""},"mobile":{"background-color":"var(--ast-global-color-5)","background-image":"","background-repeat":"repeat","background-position":"center center","background-size":"auto","background-attachment":"scroll","background-type":"","background-media":"","overlay-type":"","overlay-color":"","overlay-opacity":"","overlay-gradient":""}},"footnotes":""},"aioseo_notices":[],"_links":{"self":[{"href":"https:\/\/adapt-ortho.fr\/index.php?rest_route=\/wp\/v2\/pages\/510"}],"collection":[{"href":"https:\/\/adapt-ortho.fr\/index.php?rest_route=\/wp\/v2\/pages"}],"about":[{"href":"https:\/\/adapt-ortho.fr\/index.php?rest_route=\/wp\/v2\/types\/page"}],"author":[{"embeddable":true,"href":"https:\/\/adapt-ortho.fr\/index.php?rest_route=\/wp\/v2\/users\/1"}],"replies":[{"embeddable":true,"href":"https:\/\/adapt-ortho.fr\/index.php?rest_route=%2Fwp%2Fv2%2Fcomments&post=510"}],"version-history":[{"count":36,"href":"https:\/\/adapt-ortho.fr\/index.php?rest_route=\/wp\/v2\/pages\/510\/revisions"}],"predecessor-version":[{"id":825,"href":"https:\/\/adapt-ortho.fr\/index.php?rest_route=\/wp\/v2\/pages\/510\/revisions\/825"}],"wp:attachment":[{"href":"https:\/\/adapt-ortho.fr\/index.php?rest_route=%2Fwp%2Fv2%2Fmedia&parent=510"}],"curies":[{"name":"wp","href":"https:\/\/api.w.org\/{rel}","templated":true}]}}